{"id":19,"date":"2024-10-21T17:38:50","date_gmt":"2024-10-21T15:38:50","guid":{"rendered":"https:\/\/prism-immobilier.ch\/?page_id=19"},"modified":"2024-11-05T20:16:39","modified_gmt":"2024-11-05T19:16:39","slug":"entreprise-de-construction-geneve","status":"publish","type":"page","link":"https:\/\/prism-immobilier.ch\/en\/entreprise-de-construction-geneve\/","title":{"rendered":"Entreprise de construction Gen\u00e8ve"},"content":{"rendered":"<section class=\"wpb-content-wrapper\"><div data-vc-full-width=\"true\" data-vc-full-width-init=\"false\" data-vc-stretch-content=\"true\" class=\"vc_row wpb_row vc_row-fluid rs-fix vc_custom_1730812775211 vc_row-no-padding\"><div class=\"wpb_column vc_column_container vc_col-sm-12\"><div class=\"vc_column-inner\"><div class=\"wpb_wrapper\">\n\t\t\t<!-- START About us REVOLUTION SLIDER 6.6.16 --><p class=\"rs-p-wp-fix\"><\/p>\n\t\t\t<rs-module-wrap id=\"rev_slider_1_1_wrapper\" data-source=\"gallery\" style=\"visibility:hidden;background:transparent;padding:0;margin:0px auto;margin-top:0;margin-bottom:0;\">\n\t\t\t\t<rs-module id=\"rev_slider_1_1\" style=\"\" data-version=\"6.6.16\">\n\t\t\t\t\t<rs-slides style=\"overflow: hidden; position: absolute;\">\n\t\t\t\t\t\t<rs-slide style=\"position: absolute;\" data-key=\"rs-1\" data-title=\"First slide\" data-anim=\"e:slidingoverlay;ms:5020;\" data-in=\"o:1;y:-100%;\" data-out=\"a:false;\">\n\t\t\t\t\t\t\t<img decoding=\"async\" src=\"\/\/prism-immobilier.ch\/wp-content\/plugins\/revslider\/public\/assets\/assets\/dummy.png\" alt=\"\" title=\"PRISM-immobilier_about\" width=\"1600\" height=\"1075\" class=\"rev-slidebg tp-rs-img rs-lazyload\" data-lazyload=\"\/\/prism-immobilier.ch\/wp-content\/uploads\/2024\/09\/PRISM-immobilier_about.webp\" data-parallax=\"off\" data-no-retina>\n<!---->\t\t\t\t\t\t<\/rs-slide>\n\t\t\t\t\t<\/rs-slides>\n\t\t\t\t\t<rs-static-layers><!--\n\n\t\t\t\t\t\t\t--><rs-layer\n\t\t\t\t\t\t\t\tid=\"slider-1-slide-1-layer-0\" \n\t\t\t\t\t\t\t\tclass=\"rs-layer-static\"\n\t\t\t\t\t\t\t\tdata-type=\"text\"\n\t\t\t\t\t\t\t\tdata-xy=\"x:c;xo:-3px,-2px,-1px,0;y:m;yo:-243px,-220px,-297px,-203px;\"\n\t\t\t\t\t\t\t\tdata-text=\"w:normal;s:20,16,12,7;l:25,20,15,9;\"\n\t\t\t\t\t\t\t\tdata-rsp_o=\"off\"\n\t\t\t\t\t\t\t\tdata-rsp_bd=\"off\"\n\t\t\t\t\t\t\t\tdata-onslides=\"s:1;\"\n\t\t\t\t\t\t\t\tdata-frame_0=\"y:-50,-41,-31,-19;\"\n\t\t\t\t\t\t\t\tdata-frame_1=\"y:26px,21px,15px,9px;st:3100;sp:1500;sR:3100;\"\n\t\t\t\t\t\t\t\tdata-frame_999=\"o:0;st:w;sR:2400;\"\n\t\t\t\t\t\t\t\tstyle=\"z-index:9;font-family:'Roboto';\"\n\t\t\t\t\t\t\t><h1 class=\"beige\">About<\/h1> \n\t\t\t\t\t\t\t<\/rs-layer><!--\n\n\t\t\t\t\t\t\t--><rs-layer\n\t\t\t\t\t\t\t\tid=\"slider-1-slide-1-layer-1\" \n\t\t\t\t\t\t\t\tclass=\"rs-layer-static\"\n\t\t\t\t\t\t\t\tdata-type=\"text\"\n\t\t\t\t\t\t\t\tdata-xy=\"x:c;yo:329px,271px,285px,205px;\"\n\t\t\t\t\t\t\t\tdata-text=\"w:normal;s:20,16,12,7;l:25,20,15,9;a:center;\"\n\t\t\t\t\t\t\t\tdata-dim=\"w:330px,330px,370px,320px;\"\n\t\t\t\t\t\t\t\tdata-rsp_o=\"off\"\n\t\t\t\t\t\t\t\tdata-rsp_bd=\"off\"\n\t\t\t\t\t\t\t\tdata-onslides=\"s:1;\"\n\t\t\t\t\t\t\t\tdata-frame_0=\"y:-50,-41,-31,-19;\"\n\t\t\t\t\t\t\t\tdata-frame_1=\"st:3200;sp:1500;sR:3200;\"\n\t\t\t\t\t\t\t\tdata-frame_999=\"o:0;st:w;sR:2300;\"\n\t\t\t\t\t\t\t\tstyle=\"z-index:8;font-family:'DM Sans';\"\n\t\t\t\t\t\t\t><p class=\"rs-text\">PRISM is a brand of excellence dedicated to the realization of exceptional real estate projects.<\/p><br \/>\n<p class=\"rs-text\">Our specialty lies in the development of new promotions as well as the renovation of existing properties, always with a spirit of innovation.<\/p> \n\t\t\t\t\t\t\t<\/rs-layer><!--\n\n\t\t\t\t\t\t\t--><rs-layer\n\t\t\t\t\t\t\t\tid=\"slider-1-slide-1-layer-2\" \n\t\t\t\t\t\t\t\tclass=\"rs-layer-static\"\n\t\t\t\t\t\t\t\tdata-type=\"shape\"\n\t\t\t\t\t\t\t\tdata-xy=\"x:c;yo:531px,468px,465px,394px;\"\n\t\t\t\t\t\t\t\tdata-text=\"w:normal;s:20,16,12,7;l:0,20,15,9;\"\n\t\t\t\t\t\t\t\tdata-dim=\"w:2px;h:85px;\"\n\t\t\t\t\t\t\t\tdata-rsp_o=\"off\"\n\t\t\t\t\t\t\t\tdata-rsp_bd=\"off\"\n\t\t\t\t\t\t\t\tdata-onslides=\"s:1;\"\n\t\t\t\t\t\t\t\tdata-frame_0=\"y:-100%;\"\n\t\t\t\t\t\t\t\tdata-frame_0_mask=\"u:t;\"\n\t\t\t\t\t\t\t\tdata-frame_1=\"st:3300;sp:1500;sR:3300;\"\n\t\t\t\t\t\t\t\tdata-frame_1_mask=\"u:t;\"\n\t\t\t\t\t\t\t\tdata-frame_999=\"o:0;st:w;sR:2200;\"\n\t\t\t\t\t\t\t\tstyle=\"z-index:7;background-color:#ebdece;\"\n\t\t\t\t\t\t\t> \n\t\t\t\t\t\t\t<\/rs-layer><!--\n\n\t\t\t\t\t\t\t--><rs-layer\n\t\t\t\t\t\t\t\tid=\"slider-1-slide-1-layer-4\" \n\t\t\t\t\t\t\t\tclass=\"rs-layer-static\"\n\t\t\t\t\t\t\t\tdata-type=\"shape\"\n\t\t\t\t\t\t\t\tdata-rsp_ch=\"on\"\n\t\t\t\t\t\t\t\tdata-text=\"w:normal;s:20,16,12,7;l:0,20,15,9;\"\n\t\t\t\t\t\t\t\tdata-dim=\"w:100%;h:100%;\"\n\t\t\t\t\t\t\t\tdata-basealign=\"slide\"\n\t\t\t\t\t\t\t\tdata-onslides=\"s:1;\"\n\t\t\t\t\t\t\t\tdata-frame_1=\"st:3400;sR:3400;\"\n\t\t\t\t\t\t\t\tdata-frame_999=\"o:0;st:w;sR:3300;\"\n\t\t\t\t\t\t\t\tstyle=\"z-index:6;background-color:rgba(56,18,17,0.65);\"\n\t\t\t\t\t\t\t> \n\t\t\t\t\t\t\t<\/rs-layer><!--\n\t\t\t\t\t--><\/rs-static-layers>\n\t\t\t\t<\/rs-module>\n\t\t\t\t<script>\n\t\t\t\t\tsetREVStartSize({c: 'rev_slider_1_1',rl:[2048,1600,1260,992],el:[900,768,960,660],gw:[1240,1024,778,480],gh:[900,768,960,660],type:'standard',justify:'',layout:'fullwidth',mh:\"0\"});if (window.RS_MODULES!==undefined && window.RS_MODULES.modules!==undefined && window.RS_MODULES.modules[\"revslider11\"]!==undefined) {window.RS_MODULES.modules[\"revslider11\"].once = false;window.revapi1 = undefined;if (window.RS_MODULES.checkMinimal!==undefined) window.RS_MODULES.checkMinimal()}\n\t\t\t\t<\/script>\n\t\t\t<\/rs-module-wrap>\n\t\t\t<!-- END REVOLUTION SLIDER -->\n<\/div><\/div><\/div><\/div><div class=\"vc_row-full-width vc_clearfix\"><\/div><div data-vc-full-width=\"true\" data-vc-full-width-init=\"false\" data-vc-stretch-content=\"true\" class=\"vc_row wpb_row vc_row-fluid about vc_row-no-padding\"><div class=\"property-intro wpb_column vc_column_container vc_col-sm-12\"><div class=\"vc_column-inner\"><div class=\"wpb_wrapper\">\n\n    <section             class=\"section-about\">\n        <div class=\"container\">\n            <div class=\"row\">\n                <div class=\"col-md-6\">\n                    <strong class=\"section-subtitle\"><\/strong>\n                    <h2 class=\"section-title section-about-title\">Our values.<\/h2>\n                    <p>Nos valeurs fondamentales &#8211; modernit\u00e9, exclusivit\u00e9 et fiabilit\u00e9 &#8211; guident chacune de nos actions et r\u00e9alisations.<\/p>\n                    <div class=\"experience-box\">\n\t                                            <div class=\"experience-content\">\n                            <div class=\"experience-number\"><\/div>\n                            <div\n                                    class=\"experience-info wow fadeInDown\"><\/div>\n                        <\/div>\n                    <\/div>\n\n                <\/div>\n                <div class=\"col-md-5 col-md-offset-1\">\n                    <div class=\"dots-image\">\n\n\t\t\t\t\t\t                            <img decoding=\"async\" alt=\"\" class=\"about-img img-responsive\" src=\"https:\/\/prism-immobilier.ch\/wp-content\/uploads\/2024\/10\/PRISM-immobilier-Geneve.webp\">\n\t\t\t\t\t\t\t\n\n                        <div class=\"dots\"><\/div>\n                    <\/div>\n                <\/div>\n            <\/div>\n        <\/div>\n    <\/section>\n\n\n\t<\/div><\/div><\/div><\/div><div class=\"vc_row-full-width vc_clearfix\"><\/div><div class=\"vc_row wpb_row vc_row-fluid expertise\"><div class=\"wpb_column vc_column_container vc_col-sm-12\"><div class=\"vc_column-inner\"><div class=\"wpb_wrapper\">\n\n    <section             class=\"section-about\">\n        <div class=\"container\">\n            <div class=\"row\">\n                <div class=\"col-md-6\">\n                    <strong class=\"section-subtitle\"><\/strong>\n                    <h2 class=\"section-title section-about-title\">Our expertise.<\/h2>\n                    <p>With our recognized expertise in construction and project management, we handle every step, from land acquisition to project completion, carefully attending to every detail.<\/p>\n                    <div class=\"experience-box\">\n\t                                            <div class=\"experience-content\">\n                            <div class=\"experience-number\"><\/div>\n                            <div\n                                    class=\"experience-info wow fadeInDown\"><\/div>\n                        <\/div>\n                    <\/div>\n\n                <\/div>\n                <div class=\"col-md-5 col-md-offset-1\">\n                    <div class=\"dots-image\">\n\n\t\t\t\t\t\t                            <img decoding=\"async\" alt=\"\" class=\"about-img img-responsive\" src=\"https:\/\/prism-immobilier.ch\/wp-content\/uploads\/2024\/10\/PRISM-immobilier-Geneve-notre-expertise_.webp\">\n\t\t\t\t\t\t\t\n\n                        <div class=\"dots\"><\/div>\n                    <\/div>\n                <\/div>\n            <\/div>\n        <\/div>\n    <\/section>\n\n\n\t<\/div><\/div><\/div><\/div><div data-vc-full-width=\"true\" data-vc-full-width-init=\"false\" data-vc-stretch-content=\"true\" class=\"vc_row wpb_row vc_row-fluid about before-footer vc_row-no-padding\"><div class=\"property-intro row-reverse wpb_column vc_column_container vc_col-sm-12\"><div class=\"vc_column-inner\"><div class=\"wpb_wrapper\">\n\n    <section             class=\"section-about\">\n        <div class=\"container\">\n            <div class=\"row\">\n                <div class=\"col-md-6\">\n                    <strong class=\"section-subtitle\"><\/strong>\n                    <h2 class=\"section-title section-about-title\">Our goal.<\/h2>\n                    <p>Chez PRISM, nous nous engageons \u00e0 concevoir des espaces de vie modernes, \u00e9l\u00e9gants et uniques, tout en livrant des projets de qualit\u00e9 sup\u00e9rieure.<\/p>\n<p>Notre objectif est de cr\u00e9er des projets sur mesure, alliant innovation et excellence, qui r\u00e9pondent aux besoins et aux attentes de nos clients.<\/p>\n                    <div class=\"experience-box\">\n\t                                            <div class=\"experience-content\">\n                            <div class=\"experience-number\"><\/div>\n                            <div\n                                    class=\"experience-info wow fadeInDown\"><\/div>\n                        <\/div>\n                    <\/div>\n\n                <\/div>\n                <div class=\"col-md-5 col-md-offset-1\">\n                    <div class=\"dots-image\">\n\n\t\t\t\t\t\t                            <img decoding=\"async\" alt=\"\" class=\"about-img img-responsive\" src=\"https:\/\/prism-immobilier.ch\/wp-content\/uploads\/2024\/11\/Wood.webp\">\n\t\t\t\t\t\t\t\n\n                        <div class=\"dots\"><\/div>\n                    <\/div>\n                <\/div>\n            <\/div>\n        <\/div>\n    <\/section>\n\n\n\t<\/div><\/div><\/div><\/div><div class=\"vc_row-full-width vc_clearfix\"><\/div>\n<\/section>","protected":false},"excerpt":{"rendered":"\u00c0 propos PRISM est une marque d\u2019excellence consacr\u00e9e \u00e0 la r\u00e9alisation de projets immobiliers d\u2019exception. Notre sp\u00e9cialit\u00e9 est le d\u00e9veloppement de nouvelles promotions ainsi que la r\u00e9novation de biens existants, toujours dans un esprit d\u2019innovation. Nos valeurs. Nos valeurs fondamentales - modernit\u00e9, exclusivit\u00e9 et fiabilit\u00e9 - guident chacune de nos actions et r\u00e9alisations. Notre expertise. [...]","protected":false},"author":1,"featured_media":0,"parent":0,"menu_order":0,"comment_status":"closed","ping_status":"closed","template":"template-fullwidth.php","meta":{"footnotes":""},"class_list":["post-19","page","type-page","status-publish","hentry"],"_links":{"self":[{"href":"https:\/\/prism-immobilier.ch\/en\/wp-json\/wp\/v2\/pages\/19","targetHints":{"allow":["GET"]}}],"collection":[{"href":"https:\/\/prism-immobilier.ch\/en\/wp-json\/wp\/v2\/pages"}],"about":[{"href":"https:\/\/prism-immobilier.ch\/en\/wp-json\/wp\/v2\/types\/page"}],"author":[{"embeddable":true,"href":"https:\/\/prism-immobilier.ch\/en\/wp-json\/wp\/v2\/users\/1"}],"replies":[{"embeddable":true,"href":"https:\/\/prism-immobilier.ch\/en\/wp-json\/wp\/v2\/comments?post=19"}],"version-history":[{"count":34,"href":"https:\/\/prism-immobilier.ch\/en\/wp-json\/wp\/v2\/pages\/19\/revisions"}],"predecessor-version":[{"id":307,"href":"https:\/\/prism-immobilier.ch\/en\/wp-json\/wp\/v2\/pages\/19\/revisions\/307"}],"wp:attachment":[{"href":"https:\/\/prism-immobilier.ch\/en\/wp-json\/wp\/v2\/media?parent=19"}],"curies":[{"name":"wp","href":"https:\/\/api.w.org\/{rel}","templated":true}]}}