{"id":23,"date":"2024-10-21T17:40:49","date_gmt":"2024-10-21T15:40:49","guid":{"rendered":"https:\/\/prism-immobilier.ch\/?page_id=23"},"modified":"2024-11-25T18:00:02","modified_gmt":"2024-11-25T17:00:02","slug":"prism-projets-en-cours","status":"publish","type":"page","link":"https:\/\/prism-immobilier.ch\/en\/prism-projets-en-cours\/","title":{"rendered":"Ongoing projects"},"content":{"rendered":"<section class=\"wpb-content-wrapper\"><div class=\"vc_row wpb_row vc_row-fluid vc_custom_1730198136580\"><div class=\"wpb_column vc_column_container vc_col-sm-12\"><div class=\"vc_column-inner\"><div class=\"wpb_wrapper\">    <div class=\"\">\n        <main class=\"page-header\">\n            <div class=\"container\"><h1>Projets en cours.<\/h1><\/div>\n        <\/main>\n\n        <div class=\"content\">\n            <div class=\"projects\">\n                <div class=\"container\">\n                    <div class=\"filter-content-2\">\n                        <ul class=\"filter js-filter\">\n                            <li class=\"active\"><a href=\"#\"\n                                                  data-filter=\"*\">All<\/a><\/li>\n\n\t\t\t\t\t\t\t\n                                    <li><a href=\"#\"\n                                           data-filter=\".promotions-prism-projets-en-cours\">Developments <\/a>\n                                    <\/li>\n\t\t\t\t\t\t\t\t\t\n                                    <li><a href=\"#\"\n                                           data-filter=\".renovations-prism-projets-en-cours\">Renovations <\/a>\n                                    <\/li>\n\t\t\t\t\t\t\t\t\t                        <\/ul>\n                    <\/div>\n                <\/div>\n                <div class=\"grid-items js-isotope js-grid-items\">\n\n\t\t\t\t\t\n\n                                <div\n                                        style=\"cursor: pointer;\" onclick=\"window.location = 'https:\/\/prism-immobilier.ch\/en\/projects\/amaya-villas-a-choulex-vandoeuvres-geneve-prism-immobilier\/'\"\n                                        class=\"grid-item prism-projets-en-cours promotions-prism-projets-en-cours promotions-tous-les-projets tous-les-projets js-isotope-item js-grid-item\">\n                                    <div class=\"project-item item-shadow\">\n                                        <img decoding=\"async\" alt=\"\" class=\"img-responsive\"\n                                             src=\"https:\/\/prism-immobilier.ch\/wp-content\/uploads\/2025\/03\/PRISM-AMAYA-Ext_Cam6_Fix-425x573.webp\">\n                                        <div class=\"project-hover\">\n                                            <div class=\"project-hover-content\">\n                                                <h3 class=\"project-title\">AMAYA<\/h3>\n                                                <p class=\"project-description\">...<\/p>\n                                            <\/div>\n                                        <\/div>\n                                        <a href=\"https:\/\/prism-immobilier.ch\/en\/projects\/amaya-villas-a-choulex-vandoeuvres-geneve-prism-immobilier\/\"\n                                           class=\"link-arrow\">See project <i class=\"icon ion-ios-arrow-right\"><\/i><\/a>\n                                    <\/div>\n                                <\/div>\n\n\t\t\t\t\t\t\t\n\n                                <div\n                                        style=\"cursor: pointer;\" onclick=\"window.location = 'https:\/\/prism-immobilier.ch\/en\/projects\/projet-eclat-appartement-malagnou-geneve-prism\/'\"\n                                        class=\"grid-item prism-projets-en-cours renovations-prism-projets-en-cours renovations-tous-les-projets tous-les-projets js-isotope-item js-grid-item\">\n                                    <div class=\"project-item item-shadow\">\n                                        <img decoding=\"async\" alt=\"\" class=\"img-responsive\"\n                                             src=\"https:\/\/prism-immobilier.ch\/wp-content\/uploads\/2024\/11\/PRISM-Immobilier-ECLAT-1-425x573.webp\">\n                                        <div class=\"project-hover\">\n                                            <div class=\"project-hover-content\">\n                                                <h3 class=\"project-title\">\u00c9CLAT<\/h3>\n                                                <p class=\"project-description\">...<\/p>\n                                            <\/div>\n                                        <\/div>\n                                        <a href=\"https:\/\/prism-immobilier.ch\/en\/projects\/projet-eclat-appartement-malagnou-geneve-prism\/\"\n                                           class=\"link-arrow\">See project <i class=\"icon ion-ios-arrow-right\"><\/i><\/a>\n                                    <\/div>\n                                <\/div>\n\n\t\t\t\t\t\t\t\n\n                                <div\n                                        style=\"cursor: pointer;\" onclick=\"window.location = 'https:\/\/prism-immobilier.ch\/en\/projects\/projet-de-renovation-zenith-villa-cologny-geneve-prism\/'\"\n                                        class=\"grid-item prism-projets-en-cours renovations-prism-projets-en-cours renovations-tous-les-projets tous-les-projets js-isotope-item js-grid-item\">\n                                    <div class=\"project-item item-shadow\">\n                                        <img decoding=\"async\" alt=\"\" class=\"img-responsive\"\n                                             src=\"https:\/\/prism-immobilier.ch\/wp-content\/uploads\/2024\/11\/PRISM-Immobilier-ZENITH-2-425x573.webp\">\n                                        <div class=\"project-hover\">\n                                            <div class=\"project-hover-content\">\n                                                <h3 class=\"project-title\">ZENITH<\/h3>\n                                                <p class=\"project-description\">...<\/p>\n                                            <\/div>\n                                        <\/div>\n                                        <a href=\"https:\/\/prism-immobilier.ch\/en\/projects\/projet-de-renovation-zenith-villa-cologny-geneve-prism\/\"\n                                           class=\"link-arrow\">See project <i class=\"icon ion-ios-arrow-right\"><\/i><\/a>\n                                    <\/div>\n                                <\/div>\n\n\t\t\t\t\t\t\t\n\n                                <div\n                                        style=\"cursor: pointer;\" onclick=\"window.location = 'https:\/\/prism-immobilier.ch\/en\/projects\/projet-mirage-villas-vesenaz-geneve-prism\/'\"\n                                        class=\"grid-item prism-projets-en-cours promotions-prism-projets-en-cours promotions-tous-les-projets tous-les-projets js-isotope-item js-grid-item\">\n                                    <div class=\"project-item item-shadow\">\n                                        <img decoding=\"async\" alt=\"\" class=\"img-responsive\"\n                                             src=\"https:\/\/prism-immobilier.ch\/wp-content\/uploads\/2024\/11\/PRISM-Immobilier-MIRAGE-1-425x573.webp\">\n                                        <div class=\"project-hover\">\n                                            <div class=\"project-hover-content\">\n                                                <h3 class=\"project-title\">MIRAGE<\/h3>\n                                                <p class=\"project-description\">...<\/p>\n                                            <\/div>\n                                        <\/div>\n                                        <a href=\"https:\/\/prism-immobilier.ch\/en\/projects\/projet-mirage-villas-vesenaz-geneve-prism\/\"\n                                           class=\"link-arrow\">See project <i class=\"icon ion-ios-arrow-right\"><\/i><\/a>\n                                    <\/div>\n                                <\/div>\n\n\t\t\t\t\t\t\t\n                <\/div>\n            <\/div>\n        <\/div>\n    <\/div>\n\n\t<\/div><\/div><\/div><\/div>\n<\/section>","protected":false},"excerpt":{"rendered":"Villa MIRAGE Localisation : V\u00e9senaz, Gen\u00e8ve Livraison pr\u00e9vue\u202f: 2026 Type : Villas individuelles Nombre de lots : 2 Surfaces parcelles\u202f: Villa A = 1078 m2 &amp; Villa B = 1084 m2 Surfaces utiles :\u202fVilla A= 389 m2 &amp; Villa B= 367 m2 Entreprise G\u00e9n\u00e9rale : BOS BUILDING GROUP Architecte : Latitudes Architectes 46\u00b02 Commercialisation\u202f: ARC [...]","protected":false},"author":1,"featured_media":0,"parent":0,"menu_order":0,"comment_status":"closed","ping_status":"closed","template":"template-fullwidth.php","meta":{"footnotes":""},"class_list":["post-23","page","type-page","status-publish","hentry"],"_links":{"self":[{"href":"https:\/\/prism-immobilier.ch\/en\/wp-json\/wp\/v2\/pages\/23","targetHints":{"allow":["GET"]}}],"collection":[{"href":"https:\/\/prism-immobilier.ch\/en\/wp-json\/wp\/v2\/pages"}],"about":[{"href":"https:\/\/prism-immobilier.ch\/en\/wp-json\/wp\/v2\/types\/page"}],"author":[{"embeddable":true,"href":"https:\/\/prism-immobilier.ch\/en\/wp-json\/wp\/v2\/users\/1"}],"replies":[{"embeddable":true,"href":"https:\/\/prism-immobilier.ch\/en\/wp-json\/wp\/v2\/comments?post=23"}],"version-history":[{"count":14,"href":"https:\/\/prism-immobilier.ch\/en\/wp-json\/wp\/v2\/pages\/23\/revisions"}],"predecessor-version":[{"id":530,"href":"https:\/\/prism-immobilier.ch\/en\/wp-json\/wp\/v2\/pages\/23\/revisions\/530"}],"wp:attachment":[{"href":"https:\/\/prism-immobilier.ch\/en\/wp-json\/wp\/v2\/media?parent=23"}],"curies":[{"name":"wp","href":"https:\/\/api.w.org\/{rel}","templated":true}]}}